{"id":486,"date":"2024-03-23T16:22:04","date_gmt":"2024-03-23T15:22:04","guid":{"rendered":"https:\/\/peaceyoga.de\/?page_id=486"},"modified":"2024-10-17T11:05:30","modified_gmt":"2024-10-17T09:05:30","slug":"moritz","status":"publish","type":"page","link":"https:\/\/peaceyoga.de\/en\/yoga-lehrer\/moritz\/","title":{"rendered":"Moritz Ulrich"},"content":{"rendered":"\t\t<div data-elementor-type=\"wp-page\" data-elementor-id=\"486\" class=\"elementor elementor-486\" data-elementor-post-type=\"page\">\n\t\t\t\t<div class=\"elementor-element elementor-element-82a362e e-flex e-con-boxed e-con e-parent\" data-id=\"82a362e\" data-element_type=\"container\" data-e-type=\"container\">\n\t\t\t\t\t<div class=\"e-con-inner\">\n\t\t\t\t<div class=\"elementor-element elementor-element-566c1c6 elementor-widget elementor-widget-image\" data-id=\"566c1c6\" data-element_type=\"widget\" data-e-type=\"widget\" data-widget_type=\"image.default\">\n\t\t\t\t\t\t\t\t\t\t\t\t\t\t\t<img fetchpriority=\"high\" decoding=\"async\" width=\"1280\" height=\"640\" src=\"https:\/\/peaceyoga.de\/wp-content\/uploads\/2024\/03\/team-profile-header-moritz.jpg\" class=\"attachment-full size-full wp-image-488\" alt=\"\" srcset=\"https:\/\/peaceyoga.de\/wp-content\/uploads\/2024\/03\/team-profile-header-moritz.jpg 1280w, https:\/\/peaceyoga.de\/wp-content\/uploads\/2024\/03\/team-profile-header-moritz-300x150.jpg 300w, https:\/\/peaceyoga.de\/wp-content\/uploads\/2024\/03\/team-profile-header-moritz-1024x512.jpg 1024w, https:\/\/peaceyoga.de\/wp-content\/uploads\/2024\/03\/team-profile-header-moritz-768x384.jpg 768w\" sizes=\"(max-width: 1280px) 100vw, 1280px\" \/>\t\t\t\t\t\t\t\t\t\t\t\t\t\t\t<\/div>\n\t\t\t\t\t<\/div>\n\t\t\t\t<\/div>\n\t\t<div class=\"elementor-element elementor-element-c9a9c91 e-flex e-con-boxed e-con e-parent\" data-id=\"c9a9c91\" data-element_type=\"container\" data-e-type=\"container\">\n\t\t\t\t\t<div class=\"e-con-inner\">\n\t\t\t\t<div class=\"elementor-element elementor-element-732b2d3 elementor-widget elementor-widget-heading\" data-id=\"732b2d3\" data-element_type=\"widget\" data-e-type=\"widget\" data-widget_type=\"heading.default\">\n\t\t\t\t\t<h1 class=\"elementor-heading-title elementor-size-default\">Moritz Ulrich\n<\/h1>\t\t\t\t<\/div>\n\t\t\t\t<div class=\"elementor-element elementor-element-fbe8742 elementor-shape-circle e-grid-align-left elementor-grid-0 elementor-widget elementor-widget-social-icons\" data-id=\"fbe8742\" data-element_type=\"widget\" data-e-type=\"widget\" data-widget_type=\"social-icons.default\">\n\t\t\t\t\t\t\t<div class=\"elementor-social-icons-wrapper elementor-grid\" role=\"list\">\n\t\t\t\t\t\t\t<span class=\"elementor-grid-item\" role=\"listitem\">\n\t\t\t\t\t<a class=\"elementor-icon elementor-social-icon elementor-social-icon-instagram elementor-repeater-item-a5fccb7\" href=\"https:\/\/www.instagram.com\/downdogberlin\/\" target=\"_blank\" rel=\"noopener\">\n\t\t\t\t\t\t<span class=\"elementor-screen-only\">Instagram<\/span>\n\t\t\t\t\t\t<svg aria-hidden=\"true\" class=\"e-font-icon-svg e-fab-instagram\" viewBox=\"0 0 448 512\" xmlns=\"http:\/\/www.w3.org\/2000\/svg\"><path d=\"M224.1 141c-63.6 0-114.9 51.3-114.9 114.9s51.3 114.9 114.9 114.9S339 319.5 339 255.9 287.7 141 224.1 141zm0 189.6c-41.1 0-74.7-33.5-74.7-74.7s33.5-74.7 74.7-74.7 74.7 33.5 74.7 74.7-33.6 74.7-74.7 74.7zm146.4-194.3c0 14.9-12 26.8-26.8 26.8-14.9 0-26.8-12-26.8-26.8s12-26.8 26.8-26.8 26.8 12 26.8 26.8zm76.1 27.2c-1.7-35.9-9.9-67.7-36.2-93.9-26.2-26.2-58-34.4-93.9-36.2-37-2.1-147.9-2.1-184.9 0-35.8 1.7-67.6 9.9-93.9 36.1s-34.4 58-36.2 93.9c-2.1 37-2.1 147.9 0 184.9 1.7 35.9 9.9 67.7 36.2 93.9s58 34.4 93.9 36.2c37 2.1 147.9 2.1 184.9 0 35.9-1.7 67.7-9.9 93.9-36.2 26.2-26.2 34.4-58 36.2-93.9 2.1-37 2.1-147.8 0-184.8zM398.8 388c-7.8 19.6-22.9 34.7-42.6 42.6-29.5 11.7-99.5 9-132.1 9s-102.7 2.6-132.1-9c-19.6-7.8-34.7-22.9-42.6-42.6-11.7-29.5-9-99.5-9-132.1s-2.6-102.7 9-132.1c7.8-19.6 22.9-34.7 42.6-42.6 29.5-11.7 99.5-9 132.1-9s102.7-2.6 132.1 9c19.6 7.8 34.7 22.9 42.6 42.6 11.7 29.5 9 99.5 9 132.1s2.7 102.7-9 132.1z\"><\/path><\/svg>\t\t\t\t\t<\/a>\n\t\t\t\t<\/span>\n\t\t\t\t\t\t\t<span class=\"elementor-grid-item\" role=\"listitem\">\n\t\t\t\t\t<a class=\"elementor-icon elementor-social-icon elementor-social-icon-spotify elementor-repeater-item-cbbc697\" href=\"https:\/\/open.spotify.com\/user\/1153262358?si=8v2W08niQhS5zTwq79Hkyw\" target=\"_blank\" rel=\"noopener\">\n\t\t\t\t\t\t<span class=\"elementor-screen-only\">Spotify<\/span>\n\t\t\t\t\t\t<svg aria-hidden=\"true\" class=\"e-font-icon-svg e-fab-spotify\" viewBox=\"0 0 496 512\" xmlns=\"http:\/\/www.w3.org\/2000\/svg\"><path d=\"M248 8C111.1 8 0 119.1 0 256s111.1 248 248 248 248-111.1 248-248S384.9 8 248 8zm100.7 364.9c-4.2 0-6.8-1.3-10.7-3.6-62.4-37.6-135-39.2-206.7-24.5-3.9 1-9 2.6-11.9 2.6-9.7 0-15.8-7.7-15.8-15.8 0-10.3 6.1-15.2 13.6-16.8 81.9-18.1 165.6-16.5 237 26.2 6.1 3.9 9.7 7.4 9.7 16.5s-7.1 15.4-15.2 15.4zm26.9-65.6c-5.2 0-8.7-2.3-12.3-4.2-62.5-37-155.7-51.9-238.6-29.4-4.8 1.3-7.4 2.6-11.9 2.6-10.7 0-19.4-8.7-19.4-19.4s5.2-17.8 15.5-20.7c27.8-7.8 56.2-13.6 97.8-13.6 64.9 0 127.6 16.1 177 45.5 8.1 4.8 11.3 11 11.3 19.7-.1 10.8-8.5 19.5-19.4 19.5zm31-76.2c-5.2 0-8.4-1.3-12.9-3.9-71.2-42.5-198.5-52.7-280.9-29.7-3.6 1-8.1 2.6-12.9 2.6-13.2 0-23.3-10.3-23.3-23.6 0-13.6 8.4-21.3 17.4-23.9 35.2-10.3 74.6-15.2 117.5-15.2 73 0 149.5 15.2 205.4 47.8 7.8 4.5 12.9 10.7 12.9 22.6 0 13.6-11 23.3-23.2 23.3z\"><\/path><\/svg>\t\t\t\t\t<\/a>\n\t\t\t\t<\/span>\n\t\t\t\t\t<\/div>\n\t\t\t\t\t\t<\/div>\n\t\t\t\t\t<\/div>\n\t\t\t\t<\/div>\n\t\t<div class=\"elementor-element elementor-element-303f964 e-flex e-con-boxed e-con e-parent\" data-id=\"303f964\" data-element_type=\"container\" data-e-type=\"container\">\n\t\t\t\t\t<div class=\"e-con-inner\">\n\t\t<div class=\"elementor-element elementor-element-09a1f23 e-con-full e-flex e-con e-child\" data-id=\"09a1f23\" data-element_type=\"container\" data-e-type=\"container\">\n\t\t\t\t<div class=\"elementor-element elementor-element-02dec85 elementor-widget elementor-widget-text-editor\" data-id=\"02dec85\" data-element_type=\"widget\" data-e-type=\"widget\" data-widget_type=\"text-editor.default\">\n\t\t\t\t\t\t\t\t\t<p><strong>Senior \u2013 Advanced Certified JIVAMUKTI YOGA Teacher<\/strong><br \/><strong>Co-Director Peace Yoga Berlin, Medical Doctor<\/strong><\/p><p>Moritz ist ein Berliner advanced certified Jivamukti Yoga Lehrer, Gr\u00fcnder der Jivamukti Yoga School Peace Yoga, Creator von Onlinekursen f\u00fcr Yogasch\u00fcler*innen und -lehrer*innen und Facilitator, Anatomie- und Sanskritlehrer f\u00fcr die internationalen Jivamukti Yoga Lehrerausbildungen.<\/p><p>Moritz unterrichtet seit \u00fcber 17 Jahren Yoga und machte dies zu seinem Hauptberuf, nach dem er erfolgreich sein Medizinstudium abgeschlossen hat. Nachdem er zu erst durch die Mystik, die Philsophie und die Esoterik zum Yoga gekommen ist, integriert er sein Wissen heute in k\u00f6rperlich und mental fordernde Asanaklassen, die mit einem inspirierenden Soundtrack und Herz erw\u00e4rmenden Chanting von Mantras und Kirtan versehen sind.<\/p><p>Bis heute sind seine Lehrer Sharon Gannon und David Life, die Gr\u00fcnder der Jivamukti Yoga Methode, von denen er regelm\u00e4\u00dfig lernt und welchen er zu tiefst dankbar ist, dass sie ihm den Weg bereitet haben auf dem er heute gehen kann.\u00a0<\/p>\t\t\t\t\t\t\t\t<\/div>\n\t\t\t\t<\/div>\n\t\t<div class=\"elementor-element elementor-element-c67f09f e-con-full e-flex e-con e-child\" data-id=\"c67f09f\" data-element_type=\"container\" data-e-type=\"container\">\n\t\t\t\t<div class=\"elementor-element elementor-element-f7184b1 elementor-widget elementor-widget-text-editor\" data-id=\"f7184b1\" data-element_type=\"widget\" data-e-type=\"widget\" data-widget_type=\"text-editor.default\">\n\t\t\t\t\t\t\t\t\t<p>Moritz ist au\u00dferdem dankbar f\u00fcr all die anderen wunderbaren Lehrer*innen von denen er lernen durfte, darunter Ana Froest, Gurmukh Kaur Khalsa, Bryan Kest, Manorama, Gitta Kistenmacher and Dr. Patrick Broome.<\/p><p><strong>\u201eMein gr\u00f6\u00dfter Wunsch ist es, dass ich andere dabei unterst\u00fctzen kann die Werkzeuge der Yogapraxis zu nutzen, um ein Gef\u00fchl des Urvertrauens zu erleben, dass zum Wiederkennen ihres wahren Potenzial f\u00fchrt, dass unendlich ist und mit grenzenloserer Freude gef\u00fcllt ist. Ich bin davon \u00fcberzeugt, dass Yoga nicht f\u00fcr alle geeignet ist, sondern nur f\u00fcr die, die daran interessiert und daf\u00fcr aufgeschlossen sind. Diese hei\u00dft der\u00a0 Yoga dann aber immer herzlich willkommen. Ich f\u00fchle mich wahrhaft geehrt die Chance bekommen zu haben anderen auf diesem Abenteuer zum Zustand des Yoga zu Diensten zu sein, dem Zustand wieder Eins zu sein zu sein mit unserem wahren Selbst.\u201c<\/strong><\/p><p>PS: Eine vegane Ern\u00e4hrung ist die beste Yogapraxis und vielleicht die wichtigste.<\/p>\t\t\t\t\t\t\t\t<\/div>\n\t\t\t\t<\/div>\n\t\t\t\t\t<\/div>\n\t\t\t\t<\/div>\n\t\t<div class=\"elementor-element elementor-element-a1ed062 e-flex e-con-boxed e-con e-parent\" data-id=\"a1ed062\" data-element_type=\"container\" data-e-type=\"container\">\n\t\t\t\t\t<div class=\"e-con-inner\">\n\t\t<div class=\"elementor-element elementor-element-3f471c8 e-con-full e-flex e-con e-child\" data-id=\"3f471c8\" data-element_type=\"container\" data-e-type=\"container\">\n\t\t\t\t<div class=\"elementor-element elementor-element-1420708 elementor-blockquote--skin-border elementor-widget elementor-widget-blockquote\" data-id=\"1420708\" data-element_type=\"widget\" data-e-type=\"widget\" data-widget_type=\"blockquote.default\">\n\t\t\t\t\t\t\t<blockquote class=\"elementor-blockquote\">\n\t\t\t<p class=\"elementor-blockquote__content\">\n\t\t\t\t<img decoding=\"async\" src=\"https:\/\/peaceyoga.de\/wp-content\/uploads\/2024\/10\/GMB-py-Sterne.png\" alt=\"Peace Yoga GMB Sterne\" \/>\n<br>Super tolles Studio! Ich liebe die Klassen hier. Die Lehrer*innen sind sehr gut und ich habe das Gef\u00fchl, mit meiner Yoga-Praxis wirklich weiterzukommen. Wirklich weiterzuempfehlen \ud83d\ude4f\ud83c\udffc\u2728\ud83d\udcab\t\t\t<\/p>\n\t\t\t\t\t\t\t<div class=\"e-q-footer\">\n\t\t\t\t\t\t\t\t\t\t\t<cite class=\"elementor-blockquote__author\">Sissi B. - August 2024<\/cite>\n\t\t\t\t\t\t\t\t\t\t\t\t\t\t<\/div>\n\t\t\t\t\t<\/blockquote>\n\t\t\t\t\t\t<\/div>\n\t\t\t\t<\/div>\n\t\t<div class=\"elementor-element elementor-element-f84b724 e-con-full e-flex e-con e-child\" data-id=\"f84b724\" data-element_type=\"container\" data-e-type=\"container\">\n\t\t\t\t<div class=\"elementor-element elementor-element-83e7973 elementor-blockquote--skin-border elementor-widget elementor-widget-blockquote\" data-id=\"83e7973\" data-element_type=\"widget\" data-e-type=\"widget\" data-widget_type=\"blockquote.default\">\n\t\t\t\t\t\t\t<blockquote class=\"elementor-blockquote\">\n\t\t\t<p class=\"elementor-blockquote__content\">\n\t\t\t\t<img decoding=\"async\" src=\"https:\/\/peaceyoga.de\/wp-content\/uploads\/2024\/10\/GMB-py-Sterne.png\" alt=\"Peace Yoga GMB Sterne\" \/>\n<br>Ich habe ein paar Kurse bei Peace Yoga besucht und die Erfahrung war wirklich gro\u00dfartig. Die Lehrer waren sehr professionell, gaben klare Anweisungen und boten Anpassungen an. Die gesamte Atmosph\u00e4re war motivierend, was mir w\u00e4hrend des Trainings viel Energie gab. Sehr empfehlenswert!\t\t\t<\/p>\n\t\t\t\t\t\t\t<div class=\"e-q-footer\">\n\t\t\t\t\t\t\t\t\t\t\t<cite class=\"elementor-blockquote__author\">Chris C. - Juli 2024<\/cite>\n\t\t\t\t\t\t\t\t\t\t\t\t\t\t<\/div>\n\t\t\t\t\t<\/blockquote>\n\t\t\t\t\t\t<\/div>\n\t\t\t\t<\/div>\n\t\t<div class=\"elementor-element elementor-element-fd46030 e-con-full e-flex e-con e-child\" data-id=\"fd46030\" data-element_type=\"container\" data-e-type=\"container\">\n\t\t\t\t<div class=\"elementor-element elementor-element-a4887ee elementor-widget elementor-widget-text-editor\" data-id=\"a4887ee\" data-element_type=\"widget\" data-e-type=\"widget\" data-widget_type=\"text-editor.default\">\n\t\t\t\t\t\t\t\t\t<p><a href=\"https:\/\/www.google.com\/search?rlz=1C1CHBD_deDE838DE838&amp;q=Peace%20Yoga%20Berlin%20-%20Jivamukti%20Yoga%20School%20-%20Glogauer%20Stra%C3%9Fe%20Rezensionen&amp;rflfq=1&amp;num=20&amp;stick=H4sIAAAAAAAAAONgkxI2NzU1Nzc3Njc3MTQ1MzUxNDc03MDI-IrRIyA1MTlVITI_PVHBKbUoJzNPQVfBK7MsMbc0uyQTIh6cnJGfnwMUd88BcktTixSCS4oSD89PVQhKrUrNK87Mz0vNW8RKNaMAvK1ulrAAAAA&amp;rldimm=7557773774156541711&amp;tbm=lcl&amp;hl=de&amp;sa=X&amp;ved=0CB8Q9fQKKABqFwoTCNi0iuuI_4gDFQAAAAAdAAAAABAG&amp;biw=1920&amp;bih=911&amp;dpr=1#lkt=LocalPoiReviews\" target=\"_blank\" rel=\"nofollow noopener\">Weitere Erfahrungsberichte von Google My Business finden Sie hier!<\/a><\/p>\t\t\t\t\t\t\t\t<\/div>\n\t\t\t\t<\/div>\n\t\t\t\t\t<\/div>\n\t\t\t\t<\/div>\n\t\t<div class=\"elementor-element elementor-element-a483227 e-flex e-con-boxed e-con e-parent\" data-id=\"a483227\" data-element_type=\"container\" data-e-type=\"container\">\n\t\t\t\t\t<div class=\"e-con-inner\">\n\t\t\t\t<div class=\"elementor-element elementor-element-9f3cd1e elementor-widget elementor-widget-heading\" data-id=\"9f3cd1e\" data-element_type=\"widget\" data-e-type=\"widget\" data-widget_type=\"heading.default\">\n\t\t\t\t\t<h1 class=\"elementor-heading-title elementor-size-default\">Workshops mit Moritz Ulrich\n\n<\/h1>\t\t\t\t<\/div>\n\t\t\t\t\t<\/div>\n\t\t\t\t<\/div>\n\t\t<div class=\"elementor-element elementor-element-00247fd e-flex e-con-boxed e-con e-parent\" data-id=\"00247fd\" data-element_type=\"container\" data-e-type=\"container\" data-settings=\"{&quot;background_background&quot;:&quot;classic&quot;}\">\n\t\t\t\t\t<div class=\"e-con-inner\">\n\t\t\t\t<div class=\"elementor-element elementor-element-9a19f10 elementor-grid-3 elementor-grid-tablet-2 elementor-grid-mobile-1 elementor-widget elementor-widget-loop-grid\" data-id=\"9a19f10\" data-element_type=\"widget\" data-e-type=\"widget\" data-settings=\"{&quot;template_id&quot;:944,&quot;pagination_type&quot;:&quot;load_more_on_click&quot;,&quot;_skin&quot;:&quot;post&quot;,&quot;columns&quot;:&quot;3&quot;,&quot;columns_tablet&quot;:&quot;2&quot;,&quot;columns_mobile&quot;:&quot;1&quot;,&quot;edit_handle_selector&quot;:&quot;[data-elementor-type=\\&quot;loop-item\\&quot;]&quot;,&quot;load_more_spinner&quot;:{&quot;value&quot;:&quot;fas fa-spinner&quot;,&quot;library&quot;:&quot;fa-solid&quot;},&quot;row_gap&quot;:{&quot;unit&quot;:&quot;px&quot;,&quot;size&quot;:&quot;&quot;,&quot;sizes&quot;:[]},&quot;row_gap_laptop&quot;:{&quot;unit&quot;:&quot;px&quot;,&quot;size&quot;:&quot;&quot;,&quot;sizes&quot;:[]},&quot;row_gap_tablet&quot;:{&quot;unit&quot;:&quot;px&quot;,&quot;size&quot;:&quot;&quot;,&quot;sizes&quot;:[]},&quot;row_gap_mobile&quot;:{&quot;unit&quot;:&quot;px&quot;,&quot;size&quot;:&quot;&quot;,&quot;sizes&quot;:[]}}\" data-widget_type=\"loop-grid.post\">\n\t\t\t\t<div class=\"elementor-widget-container\">\n\t\t\t\t\t\t\t<div class=\"e-loop-nothing-found-message\">\n\t\t<\/div>\n\t\t\t\t\t\t<\/div>\n\t\t\t\t<\/div>\n\t\t\t\t\t<\/div>\n\t\t\t\t<\/div>\n\t\t\t\t<\/div>\n\t\t","protected":false},"excerpt":{"rendered":"<p>Moritz Ulrich Instagram Spotify Senior \u2013 Advanced Certified JIVAMUKTI YOGA TeacherCo-Director Peace Yoga Berlin, Medical Doctor Moritz ist ein Berliner advanced certified Jivamukti Yoga Lehrer, Gr\u00fcnder der Jivamukti Yoga School Peace Yoga, Creator von Onlinekursen f\u00fcr Yogasch\u00fcler*innen und -lehrer*innen und Facilitator, Anatomie- und Sanskritlehrer f\u00fcr die internationalen Jivamukti Yoga Lehrerausbildungen. Moritz unterrichtet seit \u00fcber 17 [&hellip;]<\/p>\n","protected":false},"author":1,"featured_media":0,"parent":383,"menu_order":0,"comment_status":"closed","ping_status":"closed","template":"","meta":{"_acf_changed":false,"footnotes":""},"class_list":["post-486","page","type-page","status-publish","hentry"],"acf":[],"_links":{"self":[{"href":"https:\/\/peaceyoga.de\/en\/wp-json\/wp\/v2\/pages\/486","targetHints":{"allow":["GET"]}}],"collection":[{"href":"https:\/\/peaceyoga.de\/en\/wp-json\/wp\/v2\/pages"}],"about":[{"href":"https:\/\/peaceyoga.de\/en\/wp-json\/wp\/v2\/types\/page"}],"author":[{"embeddable":true,"href":"https:\/\/peaceyoga.de\/en\/wp-json\/wp\/v2\/users\/1"}],"replies":[{"embeddable":true,"href":"https:\/\/peaceyoga.de\/en\/wp-json\/wp\/v2\/comments?post=486"}],"version-history":[{"count":16,"href":"https:\/\/peaceyoga.de\/en\/wp-json\/wp\/v2\/pages\/486\/revisions"}],"predecessor-version":[{"id":2643,"href":"https:\/\/peaceyoga.de\/en\/wp-json\/wp\/v2\/pages\/486\/revisions\/2643"}],"up":[{"embeddable":true,"href":"https:\/\/peaceyoga.de\/en\/wp-json\/wp\/v2\/pages\/383"}],"wp:attachment":[{"href":"https:\/\/peaceyoga.de\/en\/wp-json\/wp\/v2\/media?parent=486"}],"curies":[{"name":"wp","href":"https:\/\/api.w.org\/{rel}","templated":true}]}}