{"id":362,"date":"2024-03-22T17:27:56","date_gmt":"2024-03-22T16:27:56","guid":{"rendered":"https:\/\/peaceyoga.de\/?page_id=362"},"modified":"2024-09-14T16:14:47","modified_gmt":"2024-09-14T14:14:47","slug":"registration","status":"publish","type":"page","link":"https:\/\/peaceyoga.de\/en\/yoga-kurse\/anmeldung\/","title":{"rendered":"Registration"},"content":{"rendered":"<div data-elementor-type=\"wp-page\" data-elementor-id=\"362\" class=\"elementor elementor-362\" data-elementor-post-type=\"page\">\n\t\t\t\t<div class=\"elementor-element elementor-element-3959ce2 e-flex e-con-boxed e-con e-parent\" data-id=\"3959ce2\" data-element_type=\"container\" data-e-type=\"container\">\n\t\t\t\t\t<div class=\"e-con-inner\">\n\t\t\t\t<div class=\"elementor-element elementor-element-f180b29 elementor-widget elementor-widget-heading\" data-id=\"f180b29\" data-element_type=\"widget\" data-e-type=\"widget\" data-widget_type=\"heading.default\">\n\t\t\t\t\t<h1 class=\"elementor-heading-title elementor-size-default\">Registration for the yoga courses\n<\/h1>\t\t\t\t<\/div>\n\t\t\t\t\t<\/div>\n\t\t\t\t<\/div>\n\t\t<div class=\"elementor-element elementor-element-b20114e e-flex e-con-boxed e-con e-parent\" data-id=\"b20114e\" data-element_type=\"container\" data-e-type=\"container\">\n\t\t\t\t\t<div class=\"e-con-inner\">\n\t\t<div class=\"elementor-element elementor-element-847e0f4 e-con-full e-flex e-con e-child\" data-id=\"847e0f4\" data-element_type=\"container\" data-e-type=\"container\">\n\t\t\t\t<div class=\"elementor-element elementor-element-0fdb713 elementor-widget elementor-widget-heading\" data-id=\"0fdb713\" data-element_type=\"widget\" data-e-type=\"widget\" data-widget_type=\"heading.default\">\n\t\t\t\t\t<h2 class=\"elementor-heading-title elementor-size-default\">This is how it works:<\/h2>\t\t\t\t<\/div>\n\t\t\t\t<div class=\"elementor-element elementor-element-e9d34f0 elementor-widget elementor-widget-text-editor\" data-id=\"e9d34f0\" data-element_type=\"widget\" data-e-type=\"widget\" data-widget_type=\"text-editor.default\">\n\t\t\t\t\t\t\t\t\t<p>You must register in advance for all classes. Cash payment on site is not possible. You can easily do this via our booking tool from\u00a0<a href=\"https:\/\/www.eversports.de\/i\/e3mslb\" target=\"_blank\" rel=\"noopener\">eversports<\/a>\u00a0make. Please note that each of our two locations (Eisenbahnstra\u00dfe and Glogauer Stra\u00dfe) has its own profile. <strong>(As a special trial offer we offer you 2 weeks of yoga classes for only 39\u20ac!)\u00a0<\/strong><\/p>\t\t\t\t\t\t\t\t<\/div>\n\t\t\t\t<div class=\"elementor-element elementor-element-22417dc elementor-align-left elementor-mobile-align-center elementor-tablet-align-center elementor-widget elementor-widget-button\" data-id=\"22417dc\" data-element_type=\"widget\" data-e-type=\"widget\" data-widget_type=\"button.default\">\n\t\t\t\t\t\t\t\t\t\t<a class=\"elementor-button elementor-button-link elementor-size-sm\" href=\"https:\/\/www.eversports.de\/i\/e3mslb\" target=\"_blank\" rel=\"noopener\">\n\t\t\t\t\t\t<span class=\"elementor-button-content-wrapper\">\n\t\t\t\t\t\t\t\t\t<span class=\"elementor-button-text\">Continue to Eversports<\/span>\n\t\t\t\t\t<\/span>\n\t\t\t\t\t<\/a>\n\t\t\t\t\t\t\t\t<\/div>\n\t\t\t\t<\/div>\n\t\t<div class=\"elementor-element elementor-element-61d744a e-con-full e-flex e-con e-child\" data-id=\"61d744a\" data-element_type=\"container\" data-e-type=\"container\">\n\t\t\t\t<div class=\"elementor-element elementor-element-188c028 elementor-widget elementor-widget-image\" data-id=\"188c028\" data-element_type=\"widget\" data-e-type=\"widget\" data-widget_type=\"image.default\">\n\t\t\t\t\t\t\t\t\t\t\t\t\t\t\t<img fetchpriority=\"high\" decoding=\"async\" width=\"729\" height=\"541\" src=\"https:\/\/peaceyoga.de\/wp-content\/uploads\/2024\/03\/jy-berlin-anmeldung-ornament-2.png\" class=\"attachment-large size-large wp-image-364\" alt=\"\" srcset=\"https:\/\/peaceyoga.de\/wp-content\/uploads\/2024\/03\/jy-berlin-anmeldung-ornament-2.png 729w, https:\/\/peaceyoga.de\/wp-content\/uploads\/2024\/03\/jy-berlin-anmeldung-ornament-2-300x223.png 300w\" sizes=\"(max-width: 729px) 100vw, 729px\" \/>\t\t\t\t\t\t\t\t\t\t\t\t\t\t\t<\/div>\n\t\t\t\t<div class=\"elementor-element elementor-element-3ed9d7e elementor-widget elementor-widget-text-editor\" data-id=\"3ed9d7e\" data-element_type=\"widget\" data-e-type=\"widget\" data-widget_type=\"text-editor.default\">\n\t\t\t\t\t\t\t\t\tDownload the eversports app now!\n\n\t\t\t\t\t\t\t\t<\/div>\n\t\t<div class=\"elementor-element elementor-element-194473f e-flex e-con-boxed e-con e-child\" data-id=\"194473f\" data-element_type=\"container\" data-e-type=\"container\">\n\t\t\t\t\t<div class=\"e-con-inner\">\n\t\t\t\t<div class=\"elementor-element elementor-element-0e43f06 elementor-view-default elementor-widget elementor-widget-icon\" data-id=\"0e43f06\" data-element_type=\"widget\" data-e-type=\"widget\" data-widget_type=\"icon.default\">\n\t\t\t\t\t\t\t<div class=\"elementor-icon-wrapper\">\n\t\t\t<a class=\"elementor-icon elementor-animation-grow\" href=\"https:\/\/www.eversports.de\/i\/e3mslb\" target=\"_blank\" rel=\"noopener\">\n\t\t\t<svg xmlns=\"http:\/\/www.w3.org\/2000\/svg\" xmlns:xlink=\"http:\/\/www.w3.org\/1999\/xlink\" id=\"Ebene_1\" x=\"0px\" y=\"0px\" viewbox=\"0 0 35 44\" style=\"enable-background:new 0 0 35 44;\" xml:space=\"preserve\"><style type=\"text\/css\">\t.st0{fill:#9EB2A7;}<\/style><path class=\"st0\" d=\"M11.2,17.1h-0.9v5.5l0,0v5.7c0,0.4,0.4,0.8,0.9,0.8H13v3.5c0,0.8,0.7,1.4,1.5,1.4s1.5-0.6,1.5-1.4v-3.5h2.8v3.5 c0,0.8,0.7,1.4,1.5,1.4s1.5-0.6,1.5-1.4v-3.5h1.8c0.5,0,0.9-0.4,0.9-0.8v-5.7l0,0v-5.5C24.5,17.1,11.2,17.1,11.2,17.1z M26.4,17.1 c-0.6,0-1.1,0.6-1.1,1.4v6.4c0,0.8,0.5,1.4,1.1,1.4s1.1-0.6,1.1-1.4v-6.4C27.5,17.7,27,17.1,26.4,17.1 M8.6,17.1 c-0.6,0-1.1,0.6-1.1,1.4v6.4c0,0.8,0.5,1.4,1.1,1.4s1.1-0.6,1.1-1.4v-6.4C9.8,17.7,9.3,17.1,8.6,17.1 M20.2,14.5 c-0.5,0-0.8-0.3-0.8-0.8c0-0.4,0.4-0.8,0.8-0.8c0.5,0,0.8,0.3,0.8,0.8S20.7,14.5,20.2,14.5 M14.2,14.5c-0.5,0-0.8-0.3-0.8-0.8 c0-0.4,0.4-0.8,0.8-0.8c0.5,0,0.8,0.3,0.8,0.8S14.7,14.5,14.2,14.5 M20.5,11.7l1.2-1.6c0,0,0-0.1-0.1-0.1s-0.1-0.1-0.2,0l-1.2,1.6 c-0.8-0.3-1.8-0.5-3.1-0.5c-1.2,0-2.2,0.2-3.1,0.5L12.9,10c0,0-0.1,0-0.2,0c-0.1,0-0.1,0.1-0.1,0.1l1.2,1.5 c-3.4,1.4-3.5,4.8-3.5,4.8H24C24.1,16.5,23.9,13.1,20.5,11.7\"><\/path><\/svg>\t\t\t<\/a>\n\t\t<\/div>\n\t\t\t\t\t\t<\/div>\n\t\t\t\t<div class=\"elementor-element elementor-element-d33dd5f elementor-view-default elementor-widget elementor-widget-icon\" data-id=\"d33dd5f\" data-element_type=\"widget\" data-e-type=\"widget\" data-widget_type=\"icon.default\">\n\t\t\t\t\t\t\t<div class=\"elementor-icon-wrapper\">\n\t\t\t<a class=\"elementor-icon elementor-animation-grow\" href=\"https:\/\/www.eversports.de\/i\/e3mslb\" target=\"_blank\" rel=\"noopener\">\n\t\t\t<svg xmlns=\"http:\/\/www.w3.org\/2000\/svg\" xmlns:xlink=\"http:\/\/www.w3.org\/1999\/xlink\" id=\"Ebene_1\" x=\"0px\" y=\"0px\" viewbox=\"0 0 38 45\" style=\"enable-background:new 0 0 38 45;\" xml:space=\"preserve\"><style type=\"text\/css\">\t.st0{fill:#9EB2A7;}<\/style><path class=\"st0\" d=\"M23,14.3c0.9-1,1.5-2.4,1.3-3.8c-1.3,0.1-2.9,0.8-3.8,1.8c-0.8,0.9-1.5,2.3-1.4,3.6C20.6,16,22,15.3,23,14.3  M26,23.3c0-3,2.7-4.5,2.8-4.6c-1.5-2.1-3.9-2.4-4.7-2.4c-2-0.2-3.9,1.1-4.9,1.1s-2.6-1.1-4.3-1.1c-2.2,0-4.2,1.2-5.3,3 C7.3,23,9,28.4,11.2,31.4c1.1,1.5,2.4,3.1,4.1,3c1.6-0.1,2.3-1,4.2-1c2,0,2.5,1,4.3,0.9c1.8,0,2.9-1.5,3.9-2.9 c1.3-1.7,1.8-3.3,1.8-3.4C29.5,28.1,26.1,26.9,26,23.3\"><\/path><\/svg>\t\t\t<\/a>\n\t\t<\/div>\n\t\t\t\t\t\t<\/div>\n\t\t\t\t\t<\/div>\n\t\t\t\t<\/div>\n\t\t<div class=\"elementor-element elementor-element-4df23d1 e-flex e-con-boxed e-con e-child\" data-id=\"4df23d1\" data-element_type=\"container\" data-e-type=\"container\">\n\t\t\t\t\t<div class=\"e-con-inner\">\n\t\t\t\t<div class=\"elementor-element elementor-element-f39ddde elementor-widget elementor-widget-image\" data-id=\"f39ddde\" data-element_type=\"widget\" data-e-type=\"widget\" data-widget_type=\"image.default\">\n\t\t\t\t\t\t\t\t\t\t\t\t\t\t\t<img decoding=\"async\" width=\"419\" height=\"120\" src=\"https:\/\/peaceyoga.de\/wp-content\/uploads\/2024\/03\/jy-berlin_ornament-01.png\" class=\"attachment-large size-large wp-image-166\" alt=\"Yoga course Berlin\" srcset=\"https:\/\/peaceyoga.de\/wp-content\/uploads\/2024\/03\/jy-berlin_ornament-01.png 419w, https:\/\/peaceyoga.de\/wp-content\/uploads\/2024\/03\/jy-berlin_ornament-01-300x86.png 300w\" sizes=\"(max-width: 419px) 100vw, 419px\" \/>\t\t\t\t\t\t\t\t\t\t\t\t\t\t\t<\/div>\n\t\t\t\t\t<\/div>\n\t\t\t\t<\/div>\n\t\t\t\t<\/div>\n\t\t\t\t\t<\/div>\n\t\t\t\t<\/div>\n\t\t\t\t<\/div>","protected":false},"excerpt":{"rendered":"<p>Anmeldung zu den Yogakursen So gehts: F\u00fcr alle Klassen musst du dich vorher anmelden. Eine Barzahlung vor Ort ist nicht m\u00f6glich. Das kannst du ganz einfach \u00fcber unser Buchungstool von\u00a0eversports\u00a0machen. Bitte beachte, dass jeder unserer beiden Standorte (Eisenbahnstra\u00dfe und Glogauer Stra\u00dfe) ein eigenes Profil hat. (Als besonderes Probeangebot bieten wir dir 2 Wochen Yogaklassen f\u00fcr [&hellip;]<\/p>\n","protected":false},"author":1,"featured_media":0,"parent":164,"menu_order":0,"comment_status":"closed","ping_status":"closed","template":"","meta":{"_acf_changed":false,"footnotes":""},"class_list":["post-362","page","type-page","status-publish","hentry"],"acf":[],"_links":{"self":[{"href":"https:\/\/peaceyoga.de\/en\/wp-json\/wp\/v2\/pages\/362","targetHints":{"allow":["GET"]}}],"collection":[{"href":"https:\/\/peaceyoga.de\/en\/wp-json\/wp\/v2\/pages"}],"about":[{"href":"https:\/\/peaceyoga.de\/en\/wp-json\/wp\/v2\/types\/page"}],"author":[{"embeddable":true,"href":"https:\/\/peaceyoga.de\/en\/wp-json\/wp\/v2\/users\/1"}],"replies":[{"embeddable":true,"href":"https:\/\/peaceyoga.de\/en\/wp-json\/wp\/v2\/comments?post=362"}],"version-history":[{"count":3,"href":"https:\/\/peaceyoga.de\/en\/wp-json\/wp\/v2\/pages\/362\/revisions"}],"predecessor-version":[{"id":2194,"href":"https:\/\/peaceyoga.de\/en\/wp-json\/wp\/v2\/pages\/362\/revisions\/2194"}],"up":[{"embeddable":true,"href":"https:\/\/peaceyoga.de\/en\/wp-json\/wp\/v2\/pages\/164"}],"wp:attachment":[{"href":"https:\/\/peaceyoga.de\/en\/wp-json\/wp\/v2\/media?parent=362"}],"curies":[{"name":"wp","href":"https:\/\/api.w.org\/{rel}","templated":true}]}}