{"id":1148,"date":"2024-03-29T17:57:15","date_gmt":"2024-03-29T16:57:15","guid":{"rendered":"https:\/\/peaceyoga.de\/?page_id=1148"},"modified":"2024-10-14T12:38:25","modified_gmt":"2024-10-14T10:38:25","slug":"imprint","status":"publish","type":"page","link":"https:\/\/peaceyoga.de\/en\/impressum\/","title":{"rendered":"Imprint"},"content":{"rendered":"<div data-elementor-type=\"wp-page\" data-elementor-id=\"1148\" class=\"elementor elementor-1148\" data-elementor-post-type=\"page\">\n\t\t\t\t<div class=\"elementor-element elementor-element-4612f03 e-flex e-con-boxed e-con e-parent\" data-id=\"4612f03\" data-element_type=\"container\" data-e-type=\"container\" data-settings=\"{&quot;background_background&quot;:&quot;classic&quot;}\">\n\t\t\t\t\t<div class=\"e-con-inner\">\n\t\t\t\t<div class=\"elementor-element elementor-element-ba561a6 elementor-widget elementor-widget-heading\" data-id=\"ba561a6\" data-element_type=\"widget\" data-e-type=\"widget\" data-widget_type=\"heading.default\">\n\t\t\t\t\t<h1 class=\"elementor-heading-title elementor-size-default\">Imprint\n<\/h1>\t\t\t\t<\/div>\n\t\t\t\t<div class=\"elementor-element elementor-element-ec64699 elementor-widget elementor-widget-text-editor\" data-id=\"ec64699\" data-element_type=\"widget\" data-e-type=\"widget\" data-widget_type=\"text-editor.default\">\n\t\t\t\t\t\t\t\t\t<p>Information according to \u00a7\u00a7 5,6 DDG:<\/p>\t\t\t\t\t\t\t\t<\/div>\n\t\t\t\t<div class=\"elementor-element elementor-element-8c4c9f5 elementor-widget elementor-widget-text-editor\" data-id=\"8c4c9f5\" data-element_type=\"widget\" data-e-type=\"widget\" data-widget_type=\"text-editor.default\">\n\t\t\t\t\t\t\t\t\t<p><strong>Peace Yoga Berlin GmbH\u00a0<\/strong><br \/>Glogauer Street 19<br \/>10999 Berlin<\/p><h5>Represented by:<\/h5><p>Moritz Ulrich and Dr Niklas Noack, Managing Directors<\/p><h5>Commercial register:<\/h5><p>Local Court Berlin - Charlottenburg<\/p><p class=\"p1\">HRB248325B<\/p><h5>Sales tax identification number:<\/h5><p class=\"p1\">DE357547284<\/p><h5>Contact:<\/h5><p>Phone: +4930 8240 95 88<\/p><p>E-Mail:\u00a0<a href=\"mailto:info@peaceyoga.de\">info@peaceyoga.de<\/a><\/p><h5>\u00a0<\/h5><h5 class=\"p1\">Note according to \u00a7 18 para 2 MStV<\/h5><p class=\"p1\">Mr Moritz Ulrich and Mr Niklas Noack are responsible for the journalistic and editorial content of this website. You will find their contact details on this page in the legal notice.<\/p><h5 class=\"p1\">Notice according to \u00a7 36 Consumer Dispute Resolution Act (VSBG)<\/h5><p class=\"p3\">We do not participate in dispute resolution proceedings before a consumer arbitration board within the meaning of the VSBG and are not obliged to do so.<b><\/b><\/p><h5>Liability for content<\/h5><p>As a service provider, we are responsible for our own content on these pages in accordance with Section 7 (1) TMG (German Telemedia Act) and general legislation. According to \u00a7\u00a7 8 to 10 TMG, however, we as a service provider are not obliged to monitor transmitted or stored third-party information or to investigate circumstances that indicate illegal activity. Obligations to remove or block the use of information in accordance with general legislation remain unaffected by this. However, liability in this respect is only possible from the time of knowledge of a specific infringement. As soon as we become aware of such infringements, we will remove this content immediately.<\/p><h5>Liability for links<\/h5><p>Our website contains links to external third-party websites over whose content we have no influence. Therefore, we cannot accept any liability for this third-party content. The respective provider or operator of the pages is always responsible for the content of the linked pages. The linked pages were checked for possible legal violations at the time of linking. Illegal contents were not recognisable at the time of linking. However, permanent monitoring of the content of the linked pages is not reasonable without concrete evidence of an infringement. If we become aware of any legal infringements, we will remove such links immediately.<\/p><h5>Copyright<\/h5><p>The content and works created by the site operators on these pages are subject to German copyright law. Duplication, processing, distribution and any kind of utilisation outside the limits of copyright law require the written consent of the respective author or creator. Downloads and copies of this site are only permitted for private, non-commercial use. Insofar as the content on this site was not created by the operator, the copyrights of third parties are respected. In particular, third-party content is labelled as such. Should you nevertheless become aware of a copyright infringement, please inform us accordingly. If we become aware of any infringements, we will remove such content immediately.<\/p><h5>Copyright information<\/h5><p><strong>Lena Fingerle<\/strong>\u00a0-\u00a0<strong><a href=\"http:\/\/www.lenafingerle.de\/\" target=\"_blank\" rel=\"noopener\">www.lenafingerle.de<\/a><\/strong><\/p><p><strong>Richard Pilnick<\/strong>\u00a0-\u00a0<strong><a href=\"https:\/\/www.richardpilnick.com\/\" target=\"_blank\" rel=\"noopener\">https:\/\/www.richardpilnick.com\/<\/a><\/strong><\/p><p>Royalty-free stock photos from various digital sources<\/p><p>Web development: <a href=\"https:\/\/fastwp.de\" target=\"_blank\" rel=\"noopener\">fastWP<\/a><\/p>\t\t\t\t\t\t\t\t<\/div>\n\t\t\t\t\t<\/div>\n\t\t\t\t<\/div>\n\t\t\t\t<\/div>","protected":false},"excerpt":{"rendered":"<p>Impressum Angaben gem\u00e4\u00df \u00a7\u00a7 5,6 DDG: Peace Yoga Berlin GmbH\u00a0Glogauer Stra\u00dfe 1910999 Berlin Vertreten durch: Moritz Ulrich und Dr. Niklas Noack, Gesch\u00e4ftsf\u00fchrer Handelsregister: Amtsgericht Berlin \u2013 Charlottenburg HRB248325B Umsatzsteuer-Identifikationsnummer: DE357547284 Kontakt: Telefon: +4930 8240 95 88 E-Mail:\u00a0info@peaceyoga.de \u00a0 Hinweis nach \u00a7 18 Abs 2 MStV F\u00fcr die journalistisch-redaktionellen Inhalte dieser Website sind Herr Moritz Ulrich [&hellip;]<\/p>\n","protected":false},"author":1,"featured_media":0,"parent":0,"menu_order":0,"comment_status":"closed","ping_status":"closed","template":"","meta":{"_acf_changed":false,"footnotes":""},"class_list":["post-1148","page","type-page","status-publish","hentry"],"acf":[],"_links":{"self":[{"href":"https:\/\/peaceyoga.de\/en\/wp-json\/wp\/v2\/pages\/1148","targetHints":{"allow":["GET"]}}],"collection":[{"href":"https:\/\/peaceyoga.de\/en\/wp-json\/wp\/v2\/pages"}],"about":[{"href":"https:\/\/peaceyoga.de\/en\/wp-json\/wp\/v2\/types\/page"}],"author":[{"embeddable":true,"href":"https:\/\/peaceyoga.de\/en\/wp-json\/wp\/v2\/users\/1"}],"replies":[{"embeddable":true,"href":"https:\/\/peaceyoga.de\/en\/wp-json\/wp\/v2\/comments?post=1148"}],"version-history":[{"count":3,"href":"https:\/\/peaceyoga.de\/en\/wp-json\/wp\/v2\/pages\/1148\/revisions"}],"predecessor-version":[{"id":2520,"href":"https:\/\/peaceyoga.de\/en\/wp-json\/wp\/v2\/pages\/1148\/revisions\/2520"}],"wp:attachment":[{"href":"https:\/\/peaceyoga.de\/en\/wp-json\/wp\/v2\/media?parent=1148"}],"curies":[{"name":"wp","href":"https:\/\/api.w.org\/{rel}","templated":true}]}}