{"id":1075,"date":"2024-03-29T17:00:07","date_gmt":"2024-03-29T16:00:07","guid":{"rendered":"https:\/\/peaceyoga.de\/?page_id=1075"},"modified":"2024-05-02T17:14:40","modified_gmt":"2024-05-02T15:14:40","slug":"events-with-moritz","status":"publish","type":"page","link":"https:\/\/peaceyoga.de\/en\/events-mit-moritz\/","title":{"rendered":"Events with Moritz"},"content":{"rendered":"\t\t<div data-elementor-type=\"wp-page\" data-elementor-id=\"1075\" class=\"elementor elementor-1075\" data-elementor-post-type=\"page\">\n\t\t\t\t<div class=\"elementor-element elementor-element-e6c600f e-flex e-con-boxed e-con e-parent\" data-id=\"e6c600f\" data-element_type=\"container\" data-e-type=\"container\" data-settings=\"{&quot;background_background&quot;:&quot;classic&quot;}\">\n\t\t\t\t\t<div class=\"e-con-inner\">\n\t\t<div class=\"elementor-element elementor-element-9f04127 e-flex e-con-boxed e-con e-child\" data-id=\"9f04127\" data-element_type=\"container\" data-e-type=\"container\">\n\t\t\t\t\t<div class=\"e-con-inner\">\n\t\t\t\t<div class=\"elementor-element elementor-element-c57fda8 elementor-widget elementor-widget-image\" data-id=\"c57fda8\" data-element_type=\"widget\" data-e-type=\"widget\" data-widget_type=\"image.default\">\n\t\t\t\t\t\t\t\t\t\t\t\t\t\t\t<img fetchpriority=\"high\" decoding=\"async\" width=\"800\" height=\"400\" src=\"https:\/\/peaceyoga.de\/wp-content\/uploads\/2024\/03\/jy-berlin_workshops-headers-1024x512.jpg\" class=\"attachment-large size-large wp-image-1077\" alt=\"\" srcset=\"https:\/\/peaceyoga.de\/wp-content\/uploads\/2024\/03\/jy-berlin_workshops-headers-1024x512.jpg 1024w, https:\/\/peaceyoga.de\/wp-content\/uploads\/2024\/03\/jy-berlin_workshops-headers-300x150.jpg 300w, https:\/\/peaceyoga.de\/wp-content\/uploads\/2024\/03\/jy-berlin_workshops-headers-768x384.jpg 768w, https:\/\/peaceyoga.de\/wp-content\/uploads\/2024\/03\/jy-berlin_workshops-headers-1536x768.jpg 1536w, https:\/\/peaceyoga.de\/wp-content\/uploads\/2024\/03\/jy-berlin_workshops-headers-2048x1024.jpg 2048w\" sizes=\"(max-width: 800px) 100vw, 800px\" \/>\t\t\t\t\t\t\t\t\t\t\t\t\t\t\t<\/div>\n\t\t\t\t<div class=\"elementor-element elementor-element-082038e elementor-widget elementor-widget-heading\" data-id=\"082038e\" data-element_type=\"widget\" data-e-type=\"widget\" data-widget_type=\"heading.default\">\n\t\t\t\t\t<h1 class=\"elementor-heading-title elementor-size-default\">Events mit Moritz\n\n<\/h1>\t\t\t\t<\/div>\n\t\t\t\t<div class=\"elementor-element elementor-element-1839270 elementor-widget elementor-widget-text-editor\" data-id=\"1839270\" data-element_type=\"widget\" data-e-type=\"widget\" data-widget_type=\"text-editor.default\">\n\t\t\t\t\t\t\t\t\t<div class=\"et_pb_module et_pb_text et_pb_text_1  et_pb_text_align_left et_pb_bg_layout_light\"><div class=\"et_pb_text_inner\"><p>Studio-Mitgr\u00fcnder und Programmdirektor Moritz Ulrich unterrichtet nicht nur hier in Berlin, sondern auch Klassen und Workshops in anderen Studios sowie auf Festivals und bei Ausbildungen deutschlandweit und international.<\/p><\/div><\/div>\t\t\t\t\t\t\t\t<\/div>\n\t\t\t\t<div class=\"elementor-element elementor-element-349d9fb elementor-widget elementor-widget-heading\" data-id=\"349d9fb\" data-element_type=\"widget\" data-e-type=\"widget\" data-widget_type=\"heading.default\">\n\t\t\t\t\t<h4 class=\"elementor-heading-title elementor-size-default\">Hier findest du seine n\u00e4chsten Termine au\u00dferhalb seines Unterrichts bei Peace Yoga.\n<\/h4>\t\t\t\t<\/div>\n\t\t\t\t<div class=\"elementor-element elementor-element-efc5382 elementor-widget-divider--view-line elementor-widget elementor-widget-divider\" data-id=\"efc5382\" data-element_type=\"widget\" data-e-type=\"widget\" data-widget_type=\"divider.default\">\n\t\t\t\t\t\t\t<div class=\"elementor-divider\">\n\t\t\t<span class=\"elementor-divider-separator\">\n\t\t\t\t\t\t<\/span>\n\t\t<\/div>\n\t\t\t\t\t\t<\/div>\n\t\t\t\t\t<\/div>\n\t\t\t\t<\/div>\n\t\t\t\t\t<\/div>\n\t\t\t\t<\/div>\n\t\t<div class=\"elementor-element elementor-element-86450fd e-flex e-con-boxed e-con e-parent\" data-id=\"86450fd\" data-element_type=\"container\" data-e-type=\"container\" data-settings=\"{&quot;background_background&quot;:&quot;classic&quot;}\">\n\t\t\t\t\t<div class=\"e-con-inner\">\n\t\t\t\t<div class=\"elementor-element elementor-element-352444d elementor-grid-1 elementor-grid-tablet-2 elementor-grid-mobile-1 elementor-widget elementor-widget-loop-grid\" data-id=\"352444d\" data-element_type=\"widget\" data-e-type=\"widget\" data-settings=\"{&quot;template_id&quot;:&quot;1085&quot;,&quot;pagination_type&quot;:&quot;load_more_on_click&quot;,&quot;columns&quot;:1,&quot;_skin&quot;:&quot;post&quot;,&quot;columns_tablet&quot;:&quot;2&quot;,&quot;columns_mobile&quot;:&quot;1&quot;,&quot;edit_handle_selector&quot;:&quot;[data-elementor-type=\\&quot;loop-item\\&quot;]&quot;,&quot;load_more_spinner&quot;:{&quot;value&quot;:&quot;fas fa-spinner&quot;,&quot;library&quot;:&quot;fa-solid&quot;},&quot;row_gap&quot;:{&quot;unit&quot;:&quot;px&quot;,&quot;size&quot;:&quot;&quot;,&quot;sizes&quot;:[]},&quot;row_gap_laptop&quot;:{&quot;unit&quot;:&quot;px&quot;,&quot;size&quot;:&quot;&quot;,&quot;sizes&quot;:[]},&quot;row_gap_tablet&quot;:{&quot;unit&quot;:&quot;px&quot;,&quot;size&quot;:&quot;&quot;,&quot;sizes&quot;:[]},&quot;row_gap_mobile&quot;:{&quot;unit&quot;:&quot;px&quot;,&quot;size&quot;:&quot;&quot;,&quot;sizes&quot;:[]}}\" data-widget_type=\"loop-grid.post\">\n\t\t\t\t<div class=\"elementor-widget-container\">\n\t\t\t\t\t\t\t<div class=\"elementor-loop-container elementor-grid\" role=\"list\">\n\t\t<style id=\"loop-1085\">.elementor-1085 .elementor-element.elementor-element-22cce7d{--display:flex;}.elementor-1085 .elementor-element.elementor-element-3b215db{--display:flex;border-style:solid;--border-style:solid;border-width:0px 0px 1px 0px;--border-top-width:0px;--border-right-width:0px;--border-bottom-width:1px;--border-left-width:0px;border-color:var( --e-global-color-6cee1ff );--border-color:var( --e-global-color-6cee1ff );--padding-top:0px;--padding-bottom:20px;--padding-left:0px;--padding-right:0px;}.elementor-widget-theme-post-title .elementor-heading-title{font-family:var( --e-global-typography-primary-font-family ), Sans-serif;font-weight:var( --e-global-typography-primary-font-weight );color:var( --e-global-color-primary );}.elementor-1085 .elementor-element.elementor-element-32df4c5{text-align:start;}.elementor-1085 .elementor-element.elementor-element-32df4c5 .elementor-heading-title{font-family:\"Montserrat\", Sans-serif;font-size:18px;font-weight:300;}.elementor-widget-text-editor{font-family:var( --e-global-typography-text-font-family ), Sans-serif;font-weight:var( --e-global-typography-text-font-weight );line-height:var( --e-global-typography-text-line-height );color:var( --e-global-color-text );}.elementor-widget-text-editor.elementor-drop-cap-view-stacked .elementor-drop-cap{background-color:var( --e-global-color-primary );}.elementor-widget-text-editor.elementor-drop-cap-view-framed .elementor-drop-cap, .elementor-widget-text-editor.elementor-drop-cap-view-default .elementor-drop-cap{color:var( --e-global-color-primary );border-color:var( --e-global-color-primary );}.elementor-widget-button .elementor-button{font-family:var( --e-global-typography-accent-font-family ), Sans-serif;font-weight:var( --e-global-typography-accent-font-weight );background-color:var( --e-global-color-accent );}.elementor-1085 .elementor-element.elementor-element-1e94b0e .elementor-button{font-family:\"Montserrat\", Sans-serif;font-weight:600;text-transform:uppercase;fill:#FFFFFF;color:#FFFFFF;background-color:var( --e-global-color-primary );border-radius:0px 0px 0px 0px;padding:20px 20px 20px 20px;}.elementor-1085 .elementor-element.elementor-element-1e94b0e .elementor-button:hover, .elementor-1085 .elementor-element.elementor-element-1e94b0e .elementor-button:focus{background-color:var( --e-global-color-88176e4 );}@media(max-width:1366px){.elementor-widget-text-editor{line-height:var( --e-global-typography-text-line-height );}}@media(max-width:1024px){.elementor-widget-text-editor{line-height:var( --e-global-typography-text-line-height );}}@media(max-width:767px){.elementor-widget-text-editor{line-height:var( --e-global-typography-text-line-height );}}<\/style>\t\t<div data-elementor-type=\"loop-item\" data-elementor-id=\"1085\" class=\"elementor elementor-1085 e-loop-item e-loop-item-4006 post-4006 events type-events status-publish hentry category-events-mit-moritz\" data-elementor-post-type=\"elementor_library\" data-custom-edit-handle=\"1\">\n\t\t\t<div class=\"elementor-element elementor-element-22cce7d e-flex e-con-boxed e-con e-parent\" data-id=\"22cce7d\" data-element_type=\"container\" data-e-type=\"container\">\n\t\t\t\t\t<div class=\"e-con-inner\">\n\t\t<div class=\"elementor-element elementor-element-3b215db e-flex e-con-boxed e-con e-child\" data-id=\"3b215db\" data-element_type=\"container\" data-e-type=\"container\">\n\t\t\t\t\t<div class=\"e-con-inner\">\n\t\t\t\t<div class=\"elementor-element elementor-element-32df4c5 elementor-widget elementor-widget-theme-post-title elementor-page-title elementor-widget-heading\" data-id=\"32df4c5\" data-element_type=\"widget\" data-e-type=\"widget\" data-widget_type=\"theme-post-title.default\">\n\t\t\t\t\t<h3 class=\"elementor-heading-title elementor-size-default\">50h Restore &amp; Renew Teacher Training<\/h3>\t\t\t\t<\/div>\n\t\t\t\t<div class=\"elementor-element elementor-element-2085173 elementor-widget elementor-widget-text-editor\" data-id=\"2085173\" data-element_type=\"widget\" data-e-type=\"widget\" data-widget_type=\"text-editor.default\">\n\t\t\t\t\t\t\t\t\t14. \u2013 17. Mai 2026\t\t\t\t\t\t\t\t<\/div>\n\t\t\t\t<div class=\"elementor-element elementor-element-fd496f4 elementor-widget elementor-widget-text-editor\" data-id=\"fd496f4\" data-element_type=\"widget\" data-e-type=\"widget\" data-widget_type=\"text-editor.default\">\n\t\t\t\t\t\t\t\t\tLocation: Berlin\t\t\t\t\t\t\t\t<\/div>\n\t\t\t\t<div class=\"elementor-element elementor-element-f2a9e0c elementor-widget elementor-widget-text-editor\" data-id=\"f2a9e0c\" data-element_type=\"widget\" data-e-type=\"widget\" data-widget_type=\"text-editor.default\">\n\t\t\t\t\t\t\t\t\tStudio: Peace Yoga Berlin\t\t\t\t\t\t\t\t<\/div>\n\t\t\t\t<div class=\"elementor-element elementor-element-1e94b0e elementor-align-left elementor-widget elementor-widget-button\" data-id=\"1e94b0e\" data-element_type=\"widget\" data-e-type=\"widget\" data-widget_type=\"button.default\">\n\t\t\t\t\t\t\t\t\t\t<a class=\"elementor-button elementor-button-link elementor-size-sm\" href=\"https:\/\/peaceyoga.de\/news\/events\/50h-restore-renew-teacher-training\/\">\n\t\t\t\t\t\t<span class=\"elementor-button-content-wrapper\">\n\t\t\t\t\t\t\t\t\t<span class=\"elementor-button-text\">mehr erfahren<\/span>\n\t\t\t\t\t<\/span>\n\t\t\t\t\t<\/a>\n\t\t\t\t\t\t\t\t<\/div>\n\t\t\t\t\t<\/div>\n\t\t\t\t<\/div>\n\t\t\t\t\t<\/div>\n\t\t\t\t<\/div>\n\t\t\t\t<\/div>\n\t\t\t\t<div data-elementor-type=\"loop-item\" data-elementor-id=\"1085\" class=\"elementor elementor-1085 e-loop-item e-loop-item-4007 post-4007 events type-events status-publish hentry category-events-mit-moritz\" data-elementor-post-type=\"elementor_library\" data-custom-edit-handle=\"1\">\n\t\t\t<div class=\"elementor-element elementor-element-22cce7d e-flex e-con-boxed e-con e-parent\" data-id=\"22cce7d\" data-element_type=\"container\" data-e-type=\"container\">\n\t\t\t\t\t<div class=\"e-con-inner\">\n\t\t<div class=\"elementor-element elementor-element-3b215db e-flex e-con-boxed e-con e-child\" data-id=\"3b215db\" data-element_type=\"container\" data-e-type=\"container\">\n\t\t\t\t\t<div class=\"e-con-inner\">\n\t\t\t\t<div class=\"elementor-element elementor-element-32df4c5 elementor-widget elementor-widget-theme-post-title elementor-page-title elementor-widget-heading\" data-id=\"32df4c5\" data-element_type=\"widget\" data-e-type=\"widget\" data-widget_type=\"theme-post-title.default\">\n\t\t\t\t\t<h3 class=\"elementor-heading-title elementor-size-default\">75h Jivamukti Teacher Training Nov 2026<\/h3>\t\t\t\t<\/div>\n\t\t\t\t<div class=\"elementor-element elementor-element-2085173 elementor-widget elementor-widget-text-editor\" data-id=\"2085173\" data-element_type=\"widget\" data-e-type=\"widget\" data-widget_type=\"text-editor.default\">\n\t\t\t\t\t\t\t\t\t13. \u2013 22. November 2026\t\t\t\t\t\t\t\t<\/div>\n\t\t\t\t<div class=\"elementor-element elementor-element-fd496f4 elementor-widget elementor-widget-text-editor\" data-id=\"fd496f4\" data-element_type=\"widget\" data-e-type=\"widget\" data-widget_type=\"text-editor.default\">\n\t\t\t\t\t\t\t\t\tLocation: Berlin\t\t\t\t\t\t\t\t<\/div>\n\t\t\t\t<div class=\"elementor-element elementor-element-f2a9e0c elementor-widget elementor-widget-text-editor\" data-id=\"f2a9e0c\" data-element_type=\"widget\" data-e-type=\"widget\" data-widget_type=\"text-editor.default\">\n\t\t\t\t\t\t\t\t\tStudio: Peace Yoga Berlin\t\t\t\t\t\t\t\t<\/div>\n\t\t\t\t<div class=\"elementor-element elementor-element-1e94b0e elementor-align-left elementor-widget elementor-widget-button\" data-id=\"1e94b0e\" data-element_type=\"widget\" data-e-type=\"widget\" data-widget_type=\"button.default\">\n\t\t\t\t\t\t\t\t\t\t<a class=\"elementor-button elementor-button-link elementor-size-sm\" href=\"https:\/\/peaceyoga.de\/news\/events\/75h-jivamukti-teacher-training-nov-2026\/\">\n\t\t\t\t\t\t<span class=\"elementor-button-content-wrapper\">\n\t\t\t\t\t\t\t\t\t<span class=\"elementor-button-text\">mehr erfahren<\/span>\n\t\t\t\t\t<\/span>\n\t\t\t\t\t<\/a>\n\t\t\t\t\t\t\t\t<\/div>\n\t\t\t\t\t<\/div>\n\t\t\t\t<\/div>\n\t\t\t\t\t<\/div>\n\t\t\t\t<\/div>\n\t\t\t\t<\/div>\n\t\t\t\t<\/div>\n\t\t\t\t\t<span class=\"e-load-more-spinner\">\n\t\t\t\t<svg aria-hidden=\"true\" class=\"e-font-icon-svg e-fas-spinner\" viewBox=\"0 0 512 512\" xmlns=\"http:\/\/www.w3.org\/2000\/svg\"><path d=\"M304 48c0 26.51-21.49 48-48 48s-48-21.49-48-48 21.49-48 48-48 48 21.49 48 48zm-48 368c-26.51 0-48 21.49-48 48s21.49 48 48 48 48-21.49 48-48-21.49-48-48-48zm208-208c-26.51 0-48 21.49-48 48s21.49 48 48 48 48-21.49 48-48-21.49-48-48-48zM96 256c0-26.51-21.49-48-48-48S0 229.49 0 256s21.49 48 48 48 48-21.49 48-48zm12.922 99.078c-26.51 0-48 21.49-48 48s21.49 48 48 48 48-21.49 48-48c0-26.509-21.491-48-48-48zm294.156 0c-26.51 0-48 21.49-48 48s21.49 48 48 48 48-21.49 48-48c0-26.509-21.49-48-48-48zM108.922 60.922c-26.51 0-48 21.49-48 48s21.49 48 48 48 48-21.49 48-48-21.491-48-48-48z\"><\/path><\/svg>\t\t\t<\/span>\n\t\t\n\t\t\t\t\t\t<\/div>\n\t\t\t\t<\/div>\n\t\t\t\t\t<\/div>\n\t\t\t\t<\/div>\n\t\t<div class=\"elementor-element elementor-element-e65293d e-flex e-con-boxed e-con e-parent\" data-id=\"e65293d\" data-element_type=\"container\" data-e-type=\"container\">\n\t\t\t\t\t<div class=\"e-con-inner\">\n\t\t\t\t<div class=\"elementor-element elementor-element-75c80ef elementor-widget elementor-widget-text-editor\" data-id=\"75c80ef\" data-element_type=\"widget\" data-e-type=\"widget\" data-widget_type=\"text-editor.default\">\n\t\t\t\t\t\t\t\t\t<div class=\"et_pb_module et_pb_text et_pb_text_3  et_pb_text_align_left et_pb_bg_layout_light\"><div class=\"et_pb_text_inner\"><p>Du interessierst dich f\u00fcr die\u00a0<strong>300 Stunden Ausbildung<\/strong>\u00a0oder m\u00f6chtest wissen, welche verschiedenen Ausbildungsangebote es im Jivamukti Yoga noch gibt?<\/p><\/div><\/div>\t\t\t\t\t\t\t\t<\/div>\n\t\t\t\t<div class=\"elementor-element elementor-element-f22ccc6 elementor-widget elementor-widget-text-editor\" data-id=\"f22ccc6\" data-element_type=\"widget\" data-e-type=\"widget\" data-widget_type=\"text-editor.default\">\n\t\t\t\t\t\t\t\t\t<p>Zu den Events kannst du dich \u00fcber die jeweiligen Anbieter*innen anmelden. Wenn du noch Fragen dazu hast, wende dich gerne an\u00a0<a href=\"mailto:info@peaceyoga.de\" target=\"_blank\" rel=\"noopener noreferrer\"><strong>info@peaceyoga.de.<\/strong><\/a><\/p>\t\t\t\t\t\t\t\t<\/div>\n\t\t\t\t\t<\/div>\n\t\t\t\t<\/div>\n\t\t<div class=\"elementor-element elementor-element-3fc6e69 e-flex e-con-boxed e-con e-parent\" data-id=\"3fc6e69\" data-element_type=\"container\" data-e-type=\"container\" data-settings=\"{&quot;background_background&quot;:&quot;classic&quot;}\">\n\t\t\t\t\t<div class=\"e-con-inner\">\n\t\t<div class=\"elementor-element elementor-element-65735b7 e-con-full e-flex e-con e-child\" data-id=\"65735b7\" data-element_type=\"container\" data-e-type=\"container\">\n\t\t\t\t<div class=\"elementor-element elementor-element-935648a elementor-widget elementor-widget-text-editor\" data-id=\"935648a\" data-element_type=\"widget\" data-e-type=\"widget\" data-widget_type=\"text-editor.default\">\n\t\t\t\t\t\t\t\t\t<div class=\"et_pb_module et_pb_text et_pb_text_5  et_pb_text_align_left et_pb_bg_layout_light\"><div class=\"et_pb_text_inner\"><h5>Online-Angebote von Moritz &amp; Team<\/h5><\/div><\/div><div class=\"et_pb_module et_pb_cta_0 et_pb_promo  et_pb_text_align_center et_pb_bg_layout_light\"><div class=\"et_pb_promo_description\">\u00a0<\/div><\/div>\t\t\t\t\t\t\t\t<\/div>\n\t\t\t\t<div class=\"elementor-element elementor-element-2c54465 elementor-widget elementor-widget-heading\" data-id=\"2c54465\" data-element_type=\"widget\" data-e-type=\"widget\" data-widget_type=\"heading.default\">\n\t\t\t\t\t<h2 class=\"elementor-heading-title elementor-size-default\">Online-Kurse on demand<\/h2>\t\t\t\t<\/div>\n\t\t\t\t<div class=\"elementor-element elementor-element-cee38e3 elementor-widget elementor-widget-text-editor\" data-id=\"cee38e3\" data-element_type=\"widget\" data-e-type=\"widget\" data-widget_type=\"text-editor.default\">\n\t\t\t\t\t\t\t\t\t<p>Hier findest du einen \u00dcberblick \u00fcber alle Online-Angebote von Moritz &amp; Team jenseits des regelm\u00e4\u00dfigen Unterrichts bei Peace Yoga.<\/p>\t\t\t\t\t\t\t\t<\/div>\n\t\t\t\t<div class=\"elementor-element elementor-element-c7f48c6 elementor-align-center elementor-widget elementor-widget-button\" data-id=\"c7f48c6\" data-element_type=\"widget\" data-e-type=\"widget\" data-widget_type=\"button.default\">\n\t\t\t\t\t\t\t\t\t\t<a class=\"elementor-button elementor-button-link elementor-size-sm\" href=\"\/yoga-kurse\/online\/\">\n\t\t\t\t\t\t<span class=\"elementor-button-content-wrapper\">\n\t\t\t\t\t\t\t\t\t<span class=\"elementor-button-text\">MEHR DAZU<\/span>\n\t\t\t\t\t<\/span>\n\t\t\t\t\t<\/a>\n\t\t\t\t\t\t\t\t<\/div>\n\t\t\t\t<\/div>\n\t\t<div class=\"elementor-element elementor-element-73a6845 e-con-full e-flex e-con e-child\" data-id=\"73a6845\" data-element_type=\"container\" data-e-type=\"container\">\n\t\t\t\t<div class=\"elementor-element elementor-element-d68885f elementor-widget elementor-widget-image\" data-id=\"d68885f\" data-element_type=\"widget\" data-e-type=\"widget\" data-settings=\"{&quot;motion_fx_motion_fx_scrolling&quot;:&quot;yes&quot;,&quot;motion_fx_translateY_effect&quot;:&quot;yes&quot;,&quot;motion_fx_translateY_speed&quot;:{&quot;unit&quot;:&quot;px&quot;,&quot;size&quot;:2,&quot;sizes&quot;:[]},&quot;_animation&quot;:&quot;none&quot;,&quot;motion_fx_translateY_affectedRange&quot;:{&quot;unit&quot;:&quot;%&quot;,&quot;size&quot;:&quot;&quot;,&quot;sizes&quot;:{&quot;start&quot;:0,&quot;end&quot;:100}},&quot;motion_fx_devices&quot;:[&quot;desktop&quot;,&quot;laptop&quot;,&quot;tablet&quot;,&quot;mobile&quot;]}\" data-widget_type=\"image.default\">\n\t\t\t\t\t\t\t\t\t\t\t\t\t\t\t<img decoding=\"async\" width=\"700\" height=\"702\" src=\"https:\/\/peaceyoga.de\/wp-content\/uploads\/2024\/03\/jy-berlin-extra-news-block-1-1.png\" class=\"attachment-large size-large wp-image-1128\" alt=\"\" srcset=\"https:\/\/peaceyoga.de\/wp-content\/uploads\/2024\/03\/jy-berlin-extra-news-block-1-1.png 700w, https:\/\/peaceyoga.de\/wp-content\/uploads\/2024\/03\/jy-berlin-extra-news-block-1-1-300x300.png 300w, https:\/\/peaceyoga.de\/wp-content\/uploads\/2024\/03\/jy-berlin-extra-news-block-1-1-150x150.png 150w\" sizes=\"(max-width: 700px) 100vw, 700px\" \/>\t\t\t\t\t\t\t\t\t\t\t\t\t\t\t<\/div>\n\t\t\t\t<\/div>\n\t\t\t\t\t<\/div>\n\t\t\t\t<\/div>\n\t\t\t\t<\/div>\n\t\t","protected":false},"excerpt":{"rendered":"<p>Events mit Moritz Studio-Mitgr\u00fcnder und Programmdirektor Moritz Ulrich unterrichtet nicht nur hier in Berlin, sondern auch Klassen und Workshops in anderen Studios sowie auf Festivals und bei Ausbildungen deutschlandweit und international. Hier findest du seine n\u00e4chsten Termine au\u00dferhalb seines Unterrichts bei Peace Yoga. Du interessierst dich f\u00fcr die\u00a0300 Stunden Ausbildung\u00a0oder m\u00f6chtest wissen, welche verschiedenen Ausbildungsangebote [&hellip;]<\/p>\n","protected":false},"author":1,"featured_media":0,"parent":0,"menu_order":0,"comment_status":"closed","ping_status":"closed","template":"","meta":{"_acf_changed":false,"footnotes":""},"class_list":["post-1075","page","type-page","status-publish","hentry"],"acf":[],"_links":{"self":[{"href":"https:\/\/peaceyoga.de\/en\/wp-json\/wp\/v2\/pages\/1075","targetHints":{"allow":["GET"]}}],"collection":[{"href":"https:\/\/peaceyoga.de\/en\/wp-json\/wp\/v2\/pages"}],"about":[{"href":"https:\/\/peaceyoga.de\/en\/wp-json\/wp\/v2\/types\/page"}],"author":[{"embeddable":true,"href":"https:\/\/peaceyoga.de\/en\/wp-json\/wp\/v2\/users\/1"}],"replies":[{"embeddable":true,"href":"https:\/\/peaceyoga.de\/en\/wp-json\/wp\/v2\/comments?post=1075"}],"version-history":[{"count":10,"href":"https:\/\/peaceyoga.de\/en\/wp-json\/wp\/v2\/pages\/1075\/revisions"}],"predecessor-version":[{"id":1813,"href":"https:\/\/peaceyoga.de\/en\/wp-json\/wp\/v2\/pages\/1075\/revisions\/1813"}],"wp:attachment":[{"href":"https:\/\/peaceyoga.de\/en\/wp-json\/wp\/v2\/media?parent=1075"}],"curies":[{"name":"wp","href":"https:\/\/api.w.org\/{rel}","templated":true}]}}